{"id":21,"date":"2022-07-07T21:42:30","date_gmt":"2022-07-07T21:42:30","guid":{"rendered":"https:\/\/www.sneakerfraktur.com\/?page_id=21"},"modified":"2022-07-07T21:42:30","modified_gmt":"2022-07-07T21:42:30","slug":"impressum","status":"publish","type":"page","link":"https:\/\/www.sneakerfraktur.com\/index.php\/impressum\/","title":{"rendered":"Impressum"},"content":{"rendered":"\n<pre class=\"wp-block-preformatted\">\nSneakerFraktur\n\nSchondellestr. 9a\n44229 Dortmund\nDeutschland\n\nEmail: team (at) sneakerfraktur.com\n\n<strong>Haftungsauschluss<\/strong>\nTrotz sorgf\u00e4ltiger Kontrolle \u00fcbernehmen wir keine Haftung f\u00fcr den Inhalt externer Links. Der Inhalt und die Gestaltung der verlinkten Seiten liegen ausschlie\u00dflich in der Verantwortung von deren Betreibern.<\/pre>\n","protected":false},"excerpt":{"rendered":"<p>SneakerFraktur Schondellestr. 9a 44229 Dortmund Deutschland Email: team (at) sneakerfraktur.com Haftungsauschluss Trotz sorgf\u00e4ltiger Kontrolle \u00fcbernehmen wir keine Haftung f\u00fcr den Inhalt externer Links. Der Inhalt und die Gestaltung der verlinkten Seiten liegen ausschlie\u00dflich in der Verantwortung von deren Betreibern.<\/p>\n","protected":false},"author":1,"featured_media":0,"parent":0,"menu_order":0,"comment_status":"closed","ping_status":"closed","template":"","meta":{"footnotes":""},"class_list":["post-21","page","type-page","status-publish","hentry"],"_links":{"self":[{"href":"https:\/\/www.sneakerfraktur.com\/index.php\/wp-json\/wp\/v2\/pages\/21","targetHints":{"allow":["GET"]}}],"collection":[{"href":"https:\/\/www.sneakerfraktur.com\/index.php\/wp-json\/wp\/v2\/pages"}],"about":[{"href":"https:\/\/www.sneakerfraktur.com\/index.php\/wp-json\/wp\/v2\/types\/page"}],"author":[{"embeddable":true,"href":"https:\/\/www.sneakerfraktur.com\/index.php\/wp-json\/wp\/v2\/users\/1"}],"replies":[{"embeddable":true,"href":"https:\/\/www.sneakerfraktur.com\/index.php\/wp-json\/wp\/v2\/comments?post=21"}],"version-history":[{"count":1,"href":"https:\/\/www.sneakerfraktur.com\/index.php\/wp-json\/wp\/v2\/pages\/21\/revisions"}],"predecessor-version":[{"id":22,"href":"https:\/\/www.sneakerfraktur.com\/index.php\/wp-json\/wp\/v2\/pages\/21\/revisions\/22"}],"wp:attachment":[{"href":"https:\/\/www.sneakerfraktur.com\/index.php\/wp-json\/wp\/v2\/media?parent=21"}],"curies":[{"name":"wp","href":"https:\/\/api.w.org\/{rel}","templated":true}]}}